{"id":2025,"date":"2020-12-17T11:06:11","date_gmt":"2020-12-17T10:06:11","guid":{"rendered":"https:\/\/peer.wim.tv\/politica-de-privacidade-e-de-cookies\/"},"modified":"2023-04-03T18:24:44","modified_gmt":"2023-04-03T16:24:44","slug":"politica-de-privacidade-e-de-cookies","status":"publish","type":"page","link":"https:\/\/www.wim.tv\/pt-pt\/politica-de-privacidade-e-de-cookies\/","title":{"rendered":"Pol\u00ectica de Privacidade e de Cookies"},"content":{"rendered":"<h1><strong>Pol\u00ectica de Privacidade e de Cookies<\/strong><\/h1>\n<p>Esta pol\u00edtica descreve os procedimentos seguidos pela CEDEO Srl (doravante &#8216;CEDEO&#8217; ou o &#8216;Controlador de Dados&#8217;) em rela\u00e7\u00e3o ao processamento de dados pessoais coletados atrav\u00e9s do site www.wim.tv (doravante, o &#8216;Site&#8217;). Salvo disposi\u00e7\u00e3o em contr\u00e1rio, esta pol\u00edtica tamb\u00e9m se aplica a informa\u00e7\u00f5es &#8211; de acordo com o art. 13 do decreto legislativo n. 196\/2003 (doravante denominado &#8216;C\u00f3digo&#8217;) e art. 13 do Regulamento (UE) n. 2016\/679 (doravante, o &#8216;GDPR&#8217;) &#8211; prestados \u00e0queles que interagem com o Site (doravante denominados &#8216;Usu\u00e1rios&#8217;). Informa\u00e7\u00f5es sobre o processamento de dados pessoais detalhados s\u00e3o relatadas, quando necess\u00e1rio, nas p\u00e1ginas relacionadas aos servi\u00e7os individuais oferecidos atrav\u00e9s do Site. Esta informa\u00e7\u00e3o destina-se a definir limites e m\u00e9todos de processamento de dados pessoais de cada servi\u00e7o, com base nos quais o Usu\u00e1rio pode livremente expressar seu consentimento, se necess\u00e1rio, e possivelmente autorizar a coleta de dados e seu processamento subsequente.<\/p>\n<h4>Controlador de dados respons\u00e1vel pelo processamento de dados.<\/h4>\n<p>O controlador de dados \u00e9 CEDEO Srl, com sede em Via Borgionera, 103 I-10040 Villar Dora (TO), tel. 3381059702, e-mail info@wimlabs.com. A lista atualizada de todos os controladores de dados est\u00e1 dispon\u00edvel na sede do Controlador de Dados.<\/p>\n<h4>Respons\u00e1vel pela prote\u00e7\u00e3o de dados.<\/h4>\n<p>O respons\u00e1vel pela prote\u00e7\u00e3o de dados, designado pelo Controlador de dados, pode ser contatado por:<\/p>\n<ul>\n<li>correio ordin\u00e1rio, na WimLabs Srl, Pra\u00e7a Edmondo De Amicis, 121 bis 10126 Turim, att. o encarregado de prote\u00e7\u00e3o de dados;<\/li>\n<li>n\u00famero de telefone +39 3381059702;<\/li>\n<li>e-mail, em info@wimlabs.com<\/li>\n<\/ul>\n<h4>Tipos de dados processados<\/h4>\n<p>Atrav\u00e9s do Site, ser\u00e1 poss\u00edvel coletar e processar:<\/p>\n<ul>\n<li>dados de navega\u00e7\u00e3o;<\/li>\n<li>dados pessoais fornecidos voluntariamente pelo usu\u00e1rio nos formul\u00e1rios do site.<\/li>\n<\/ul>\n<h4>Cookies<\/h4>\n<p>Cookies s\u00e3o pequenos arquivos de texto que os sites visitados enviam para o terminal do usu\u00e1rio, onde s\u00e3o armazenados, e depois s\u00e3o transmitidos de volta para os mesmos sites na pr\u00f3xima visita. O Site usa cookies t\u00e9cnicos, tanto do site como de terceiros. Estes cookies, sendo de natureza t\u00e9cnica, n\u00e3o requerem o consentimento pr\u00e9vio do usu\u00e1rio para ser instalado e utilizado. Em particular, os cookies usados \u200b\u200bno Site s\u00e3o rastreados para as seguintes subcategorias:<\/p>\n<ul>\n<li>cookies de navega\u00e7\u00e3o ou sess\u00e3o, que garantem a navega\u00e7\u00e3o normal e o uso do site. Como n\u00e3o s\u00e3o armazenados no computador do usu\u00e1rio, eles desaparecem quando o navegador \u00e9 fechado;<\/li>\n<li>cookies anal\u00edticos, que coletam e analisam informa\u00e7\u00f5es estat\u00edsticas sobre o n\u00famero de usu\u00e1rios e visitas aos sites;<\/li>\n<li>Widgets e plugins sociais: alguns widgets e plugins disponibilizados pelas redes sociais podem usar seus pr\u00f3prios cookies para facilitar a intera\u00e7\u00e3o com o site de refer\u00eancia.<\/li>\n<\/ul>\n<p>Abaixo, os cookies de terceiros instalados no site s\u00e3o listados. Para cada um deles, \u00e9 fornecido um link para as informa\u00e7\u00f5es relacionadas sobre o processamento de dados pessoais e como desativar os cookies usados. Com rela\u00e7\u00e3o aos cookies de terceiros, o Controlador de Dados tem a obriga\u00e7\u00e3o exclusiva de incluir nesta pol\u00edtica o link para o site de terceiros. \u00c9 responsabilidade deste assunto, no entanto, divulgar e indicar os m\u00e9todos para o poss\u00edvel consentimento e \/ ou desativa\u00e7\u00e3o de cookies.<\/p>\n<table style=\"min-width: 300px;\" cellspacing=\"0\" cellpadding=\"7\">\n<thead>\n<tr>\n<td><strong>Nome do cookie<\/strong><\/td>\n<td><strong>Termo<\/strong><\/td>\n<td><strong>Descri\u00e7\u00e3o<\/strong><\/td>\n<td><strong>Fornecedor<\/strong><\/td>\n<\/tr>\n<\/thead>\n<tbody>\n<tr>\n<td>_ga<\/td>\n<td>2 anos<\/td>\n<td>Usado para determinar e distinguir usu\u00e1rios.<\/td>\n<td><a href=\"https:\/\/developers.google.com\/analytics\/devguides\/collection\/analyticsjs\/cookie-usage\">Google Analytics<\/a><\/td>\n<\/tr>\n<tr>\n<td>_gat<\/td>\n<td>1 dia<\/td>\n<td>Usado pelo Google Analytics para limitar a frequ\u00eancia das solicita\u00e7\u00f5es.<\/td>\n<td><a href=\"https:\/\/developers.google.com\/analytics\/devguides\/collection\/analyticsjs\/cookie-usage\">Google Analytics<\/a><\/td>\n<\/tr>\n<tr>\n<td>_gid<\/td>\n<td>1 dia<\/td>\n<td>Usado para determinar e distinguir usu\u00e1rios.<\/td>\n<td><a href=\"https:\/\/developers.google.com\/analytics\/devguides\/collection\/analyticsjs\/cookie-usage\">Google Analytics<\/a><\/td>\n<\/tr>\n<tr>\n<td>_fbp<\/td>\n<td>3 m\u00eas<\/td>\n<td>Usado pelo Facebook para entregar produtos publicit\u00e1rios como ofertas em tempo real.<\/td>\n<td><a href=\"https:\/\/www.facebook.com\/policies\/cookies\/\">Facebook<\/a><\/td>\n<\/tr>\n<tr>\n<td>__tawkuuid<\/td>\n<td>6 m\u00eas<\/td>\n<td>Este cookie lembra a voc\u00ea que podemos vincular conversas de bate-papo para fornecer um servi\u00e7o melhor.<\/td>\n<td><a href=\"https:\/\/www.tawk.to\/privacy-policy\/\">Tawk<\/a><\/td>\n<\/tr>\n<tr>\n<td>TawkConnectionTime<\/td>\n<td>Sess\u00e3o<\/td>\n<td>Este cookie lembra a voc\u00ea que podemos vincular conversas de bate-papo para fornecer um servi\u00e7o melhor.<\/td>\n<td><a href=\"https:\/\/www.tawk.to\/privacy-policy\/\">Tawk<\/a><\/td>\n<\/tr>\n<tr>\n<td>cookie_notice_accepted<\/td>\n<td>1 m\u00eas<\/td>\n<td>Cookie usado para armazenar a prefer\u00eancia do visitante por cookies.<\/td>\n<td>Wim.tv<\/td>\n<\/tr>\n<\/tbody>\n<\/table>\n<p>Os cookies podem ser desativados pelo Usu\u00e1rio, alterando as configura\u00e7\u00f5es do navegador com base nas instru\u00e7\u00f5es disponibilizadas por seus fornecedores para os links listados abaixo.<\/p>\n<ul>\n<li>Microsoft Internet Explorer: <a href=\"https:\/\/support.microsoft.com\/it-it\/help\/278835\/how-to-delete-cookie-files-in-internet-explorer\" target=\"_blank\" rel=\"noopener\">https:\/\/support.microsoft.com\/it-it\/help\/278835\/how-to-delete-cookie-files-in-internet-explorer<\/a><\/li>\n<li>Microsoft Edge: <a href=\"https:\/\/support.microsoft.com\/en-us\/help\/4027947\/windows-delete-cookies\" target=\"_blank\" rel=\"noopener\">https:\/\/support.microsoft.com\/en-us\/help\/4027947\/windows-delete-cookies<\/a><\/li>\n<li>Mozilla Firefox: <a href=\"https:\/\/support.mozilla.org\/it\/kb\/Attivare%20e%20disattivare%20i%20cookie\" target=\"_blank\" rel=\"noopener\">https:\/\/support.mozilla.org\/it\/kb\/Attivare%20e%20disattivare%20i%20cookie<\/a><\/li>\n<li>Google Chrome: <a href=\"https:\/\/support.google.com\/chrome\/answer\/95647?co=GENIE.Platform%3DDesktop&amp;hl=it\" target=\"_blank\" rel=\"noopener\">https:\/\/support.google.com\/chrome\/answer\/95647?co=GENIE.Platform%3DDesktop&amp;hl=it<\/a><\/li>\n<li>Apple Safari: <a href=\"https:\/\/support.apple.com\/kb\/ph21411?locale=it_IT\" target=\"_blank\" rel=\"noopener\">https:\/\/support.apple.com\/kb\/ph21411?locale=it_IT<\/a><\/li>\n<li>Opera: <a href=\"http:\/\/help.opera.com\/Windows\/10.00\/it\/cookies.html\" target=\"_blank\" rel=\"noopener\">http:\/\/help.opera.com\/Windows\/10.00\/it\/cookies.html<\/a><\/li>\n<\/ul>\n<h4>Finalidade e base legal do processamento<\/h4>\n<p>Os dados pessoais coletados atrav\u00e9s do site ser\u00e3o processados \u200b\u200bpara lidar com solicita\u00e7\u00f5es de informa\u00e7\u00f5es ou documentos enviados pelo usu\u00e1rio. O processamento de dados pessoais para os fins acima mencionados n\u00e3o requer o consentimento do Usu\u00e1rio, pois o processamento \u00e9 necess\u00e1rio para atender a solicita\u00e7\u00f5es espec\u00edficas do titular dos dados, nos termos do art. 24, c. 1, lett. b) do C\u00f3digo e do art. 6, c. 1, lett. b) do GDPR.<\/p>\n<h4>Fornecimento de dados e consequ\u00eancias em caso de falha no fornecimento.<\/h4>\n<p>O fornecimento de dados pessoais para o prop\u00f3sito acima mencionado \u00e9 opcional e sua falha em fornecer resultar\u00e1, como consequ\u00eancia \u00fanica, na incapacidade do Propriet\u00e1rio de gerenciar e atender \u00e0s solicita\u00e7\u00f5es da pessoa em quest\u00e3o.<\/p>\n<h4>M\u00e9todo de tratamento<\/h4>\n<p>Os dados pessoais ser\u00e3o processados \u200b\u200beletronicamente, tamb\u00e9m atrav\u00e9s de inser\u00e7\u00e3o e organiza\u00e7\u00e3o em bancos de dados, em conformidade com as disposi\u00e7\u00f5es do C\u00f3digo e do GDPR em medidas de seguran\u00e7a.<\/p>\n<h4>Destinat\u00e1rios ou categorias de destinat\u00e1rios<\/h4>\n<p>Os dados pessoais poder\u00e3o ser disponibilizados, levados ao conhecimento ou comunicados \u00e0s seguintes pessoas, que ser\u00e3o indicadas, conforme o caso, pelos respons\u00e1veis \u200b\u200bou respons\u00e1veis:<\/p>\n<ul>\n<li>empresas do grupo das quais o Controlador de Dados \u00e9 membro (controlador, controlado, conectado), empregados e\/ou colaboradores por qualquer t\u00edtulo do propriet\u00e1rio e\/ou empresa do grupo ao qual o Controlador de Dados pertence;<\/li>\n<li>entidades p\u00fablicas ou privadas, pessoas singulares ou colectivas, cujo propriet\u00e1rio \u00e9 utilizado para o desempenho de actividades instrumentais para atingir o objectivo acima mencionado ou ao qual o Controlador de Dados \u00e9 obrigado a comunicar dados pessoais, de acordo com obriga\u00e7\u00f5es legais ou contratuais.<\/li>\n<\/ul>\n<p>Em qualquer caso, os dados pessoais n\u00e3o ser\u00e3o divulgados.<\/p>\n<h4>Per\u00edodo de reten\u00e7\u00e3o<\/h4>\n<p>Os dados pessoais ser\u00e3o mantidos por dois anos a partir do registro.<\/p>\n<h4>Direitos de acesso, cancelamento, limita\u00e7\u00e3o e portabilidade<\/h4>\n<p>As partes interessadas recebem os direitos referidos nos artigos 7 do C\u00f3digo e dos artigos 15 a 20 do GDPR. Por exemplo, cada parte interessada pode:<\/p>\n<ul>\n<li>obter confirma\u00e7\u00e3o do processamento de dados pessoais relativos \u00e0 parte interessada;<\/li>\n<li>se o processamento estiver em andamento, obter acesso a dados pessoais e informa\u00e7\u00f5es sobre o tratamento e solicitar uma c\u00f3pia dos dados pessoais;<\/li>\n<li>obter a corre\u00e7\u00e3o de dados pessoais imprecisos e a integra\u00e7\u00e3o de dados pessoais incompletos;<\/li>\n<li>obter, se uma das condi\u00e7\u00f5es previstas pelo art. 17 do GDPR, o cancelamento de dados pessoais relativos \u00e0 parte interessada;<\/li>\n<li>obter, nos casos previstos pelo art. 18 do GDPR, a limita\u00e7\u00e3o do tratamento;<\/li>\n<li>receber dados pessoais relativos a ele em um formato estruturado, comumente usados \u200b\u200be leg\u00edveis por dispositivo autom\u00e1tico e solicitar sua transmiss\u00e3o a outro detentor, se tecnicamente vi\u00e1vel.<\/li>\n<\/ul>\n<h4>Direito de oposi\u00e7\u00e3o<\/h4>\n<p>Cada parte interessada tem o direito de se opor, a qualquer momento, ao processamento dos seus dados pessoais efetuados para a prossecu\u00e7\u00e3o de um interesse leg\u00edtimo do Controlador de Dados. Em caso de oposi\u00e7\u00e3o, os seus dados pessoais deixar\u00e3o de ser processados, desde que n\u00e3o haja motivos leg\u00edtimos para proceder ao processamento que prevalece sobre os interesses, direitos e liberdades do interessado ou para a avalia\u00e7\u00e3o, exerc\u00edcio ou defesa de um direito em tribunal.<\/p>\n<h4>Direito de propor uma reclama\u00e7\u00e3o \u00e0 Autoridade para a Protec\u00e7\u00e3o de Dados Pessoais<\/h4>\n<p>Al\u00e9m disso, cada parte interessada pode apresentar uma queixa \u00e0 Autoridade para a Protec\u00e7\u00e3o de Dados Pessoais no caso em que ele acredita que os seus direitos ao abrigo do C\u00f3digo e do GDPR foram violados, de acordo com os procedimentos indicados no site da Autoridade acess\u00edvel em: www.garanteprivacy.it.<\/p>\n<h4>Atualiza\u00e7\u00f5es<\/h4>\n<p>Esta Pol\u00edtica de Privacidade estar\u00e1 sujeita a atualiza\u00e7\u00f5es. O Controlador de dados, portanto, convida os Usu\u00e1rios que pretendem saber como seus dados pessoais coletados por meio dos sites s\u00e3o processados \u200b\u200bpara visitar periodicamente essa p\u00e1gina.<\/p>\n","protected":false},"excerpt":{"rendered":"<p>Pol\u00ectica de Privacidade e de Cookies Esta pol\u00edtica descreve os procedimentos seguidos pela CEDEO Srl (doravante &#8216;CEDEO&#8217; ou o &#8216;Controlador de Dados&#8217;) em rela\u00e7\u00e3o ao processamento de dados pessoais coletados atrav\u00e9s do site www.wim.tv (doravante, o &#8216;Site&#8217;). Salvo disposi\u00e7\u00e3o em contr\u00e1rio, esta pol\u00edtica tamb\u00e9m se aplica a informa\u00e7\u00f5es &#8211; de acordo com o art. 13 [&hellip;]<\/p>\n","protected":false},"author":9,"featured_media":0,"parent":0,"menu_order":0,"comment_status":"closed","ping_status":"open","template":"","meta":{"_acf_changed":false,"inline_featured_image":false,"footnotes":""},"class_list":["post-2025","page","type-page","status-publish","hentry"],"acf":[],"yoast_head":"<!-- This site is optimized with the Yoast SEO plugin v27.5 - https:\/\/yoast.com\/product\/yoast-seo-wordpress\/ -->\n<title>Pol\u00ectica de Privacidade e de Cookies - WimTV<\/title>\n<meta name=\"robots\" content=\"noindex, nofollow\" \/>\n<meta property=\"og:locale\" content=\"pt_PT\" \/>\n<meta property=\"og:type\" content=\"article\" \/>\n<meta property=\"og:title\" content=\"Pol\u00ectica de Privacidade e de Cookies - WimTV\" \/>\n<meta property=\"og:description\" content=\"Pol\u00ectica de Privacidade e de Cookies Esta pol\u00edtica descreve os procedimentos seguidos pela CEDEO Srl (doravante &#8216;CEDEO&#8217; ou o &#8216;Controlador de Dados&#8217;) em rela\u00e7\u00e3o ao processamento de dados pessoais coletados atrav\u00e9s do site www.wim.tv (doravante, o &#8216;Site&#8217;). Salvo disposi\u00e7\u00e3o em contr\u00e1rio, esta pol\u00edtica tamb\u00e9m se aplica a informa\u00e7\u00f5es &#8211; de acordo com o art. 13 [&hellip;]\" \/>\n<meta property=\"og:url\" content=\"https:\/\/www.wim.tv\/pt-pt\/politica-de-privacidade-e-de-cookies\/\" \/>\n<meta property=\"og:site_name\" content=\"WimTV\" \/>\n<meta property=\"article:publisher\" content=\"https:\/\/www.facebook.com\/wim.tv\" \/>\n<meta property=\"article:modified_time\" content=\"2023-04-03T16:24:44+00:00\" \/>\n<meta property=\"og:image\" content=\"https:\/\/www.wim.tv\/wp-content\/uploads\/2020\/11\/Wimtv-logo.png\" \/>\n\t<meta property=\"og:image:width\" content=\"1508\" \/>\n\t<meta property=\"og:image:height\" content=\"1114\" \/>\n\t<meta property=\"og:image:type\" content=\"image\/png\" \/>\n<meta name=\"twitter:card\" content=\"summary_large_image\" \/>\n<meta name=\"twitter:label1\" content=\"Tempo estimado de leitura\" \/>\n\t<meta name=\"twitter:data1\" content=\"7 minutos\" \/>\n<script type=\"application\/ld+json\" class=\"yoast-schema-graph\">{\"@context\":\"https:\\\/\\\/schema.org\",\"@graph\":[{\"@type\":\"WebPage\",\"@id\":\"https:\\\/\\\/www.wim.tv\\\/pt-pt\\\/politica-de-privacidade-e-de-cookies\\\/\",\"url\":\"https:\\\/\\\/www.wim.tv\\\/pt-pt\\\/politica-de-privacidade-e-de-cookies\\\/\",\"name\":\"Pol\u00ectica de Privacidade e de Cookies - WimTV\",\"isPartOf\":{\"@id\":\"https:\\\/\\\/www.wim.tv\\\/pt-pt\\\/#website\"},\"datePublished\":\"2020-12-17T10:06:11+00:00\",\"dateModified\":\"2023-04-03T16:24:44+00:00\",\"breadcrumb\":{\"@id\":\"https:\\\/\\\/www.wim.tv\\\/pt-pt\\\/politica-de-privacidade-e-de-cookies\\\/#breadcrumb\"},\"inLanguage\":\"pt-PT\",\"potentialAction\":[{\"@type\":\"ReadAction\",\"target\":[\"https:\\\/\\\/www.wim.tv\\\/pt-pt\\\/politica-de-privacidade-e-de-cookies\\\/\"]}]},{\"@type\":\"BreadcrumbList\",\"@id\":\"https:\\\/\\\/www.wim.tv\\\/pt-pt\\\/politica-de-privacidade-e-de-cookies\\\/#breadcrumb\",\"itemListElement\":[{\"@type\":\"ListItem\",\"position\":1,\"name\":\"Home\",\"item\":\"https:\\\/\\\/www.wim.tv\\\/pt-pt\\\/\"},{\"@type\":\"ListItem\",\"position\":2,\"name\":\"Pol\u00ectica de Privacidade e de Cookies\"}]},{\"@type\":\"WebSite\",\"@id\":\"https:\\\/\\\/www.wim.tv\\\/pt-pt\\\/#website\",\"url\":\"https:\\\/\\\/www.wim.tv\\\/pt-pt\\\/\",\"name\":\"WimTV\",\"description\":\"Un nuovo sito targato WordPress\",\"potentialAction\":[{\"@type\":\"SearchAction\",\"target\":{\"@type\":\"EntryPoint\",\"urlTemplate\":\"https:\\\/\\\/www.wim.tv\\\/pt-pt\\\/?s={search_term_string}\"},\"query-input\":{\"@type\":\"PropertyValueSpecification\",\"valueRequired\":true,\"valueName\":\"search_term_string\"}}],\"inLanguage\":\"pt-PT\"}]}<\/script>\n<!-- \/ Yoast SEO plugin. -->","yoast_head_json":{"title":"Pol\u00ectica de Privacidade e de Cookies - WimTV","robots":{"index":"noindex","follow":"nofollow"},"og_locale":"pt_PT","og_type":"article","og_title":"Pol\u00ectica de Privacidade e de Cookies - WimTV","og_description":"Pol\u00ectica de Privacidade e de Cookies Esta pol\u00edtica descreve os procedimentos seguidos pela CEDEO Srl (doravante &#8216;CEDEO&#8217; ou o &#8216;Controlador de Dados&#8217;) em rela\u00e7\u00e3o ao processamento de dados pessoais coletados atrav\u00e9s do site www.wim.tv (doravante, o &#8216;Site&#8217;). Salvo disposi\u00e7\u00e3o em contr\u00e1rio, esta pol\u00edtica tamb\u00e9m se aplica a informa\u00e7\u00f5es &#8211; de acordo com o art. 13 [&hellip;]","og_url":"https:\/\/www.wim.tv\/pt-pt\/politica-de-privacidade-e-de-cookies\/","og_site_name":"WimTV","article_publisher":"https:\/\/www.facebook.com\/wim.tv","article_modified_time":"2023-04-03T16:24:44+00:00","og_image":[{"width":1508,"height":1114,"url":"https:\/\/www.wim.tv\/wp-content\/uploads\/2020\/11\/Wimtv-logo.png","type":"image\/png"}],"twitter_card":"summary_large_image","twitter_misc":{"Tempo estimado de leitura":"7 minutos"},"schema":{"@context":"https:\/\/schema.org","@graph":[{"@type":"WebPage","@id":"https:\/\/www.wim.tv\/pt-pt\/politica-de-privacidade-e-de-cookies\/","url":"https:\/\/www.wim.tv\/pt-pt\/politica-de-privacidade-e-de-cookies\/","name":"Pol\u00ectica de Privacidade e de Cookies - WimTV","isPartOf":{"@id":"https:\/\/www.wim.tv\/pt-pt\/#website"},"datePublished":"2020-12-17T10:06:11+00:00","dateModified":"2023-04-03T16:24:44+00:00","breadcrumb":{"@id":"https:\/\/www.wim.tv\/pt-pt\/politica-de-privacidade-e-de-cookies\/#breadcrumb"},"inLanguage":"pt-PT","potentialAction":[{"@type":"ReadAction","target":["https:\/\/www.wim.tv\/pt-pt\/politica-de-privacidade-e-de-cookies\/"]}]},{"@type":"BreadcrumbList","@id":"https:\/\/www.wim.tv\/pt-pt\/politica-de-privacidade-e-de-cookies\/#breadcrumb","itemListElement":[{"@type":"ListItem","position":1,"name":"Home","item":"https:\/\/www.wim.tv\/pt-pt\/"},{"@type":"ListItem","position":2,"name":"Pol\u00ectica de Privacidade e de Cookies"}]},{"@type":"WebSite","@id":"https:\/\/www.wim.tv\/pt-pt\/#website","url":"https:\/\/www.wim.tv\/pt-pt\/","name":"WimTV","description":"Un nuovo sito targato WordPress","potentialAction":[{"@type":"SearchAction","target":{"@type":"EntryPoint","urlTemplate":"https:\/\/www.wim.tv\/pt-pt\/?s={search_term_string}"},"query-input":{"@type":"PropertyValueSpecification","valueRequired":true,"valueName":"search_term_string"}}],"inLanguage":"pt-PT"}]}},"_links":{"self":[{"href":"https:\/\/www.wim.tv\/pt-pt\/wp-json\/wp\/v2\/pages\/2025","targetHints":{"allow":["GET"]}}],"collection":[{"href":"https:\/\/www.wim.tv\/pt-pt\/wp-json\/wp\/v2\/pages"}],"about":[{"href":"https:\/\/www.wim.tv\/pt-pt\/wp-json\/wp\/v2\/types\/page"}],"author":[{"embeddable":true,"href":"https:\/\/www.wim.tv\/pt-pt\/wp-json\/wp\/v2\/users\/9"}],"replies":[{"embeddable":true,"href":"https:\/\/www.wim.tv\/pt-pt\/wp-json\/wp\/v2\/comments?post=2025"}],"version-history":[{"count":9,"href":"https:\/\/www.wim.tv\/pt-pt\/wp-json\/wp\/v2\/pages\/2025\/revisions"}],"predecessor-version":[{"id":8043,"href":"https:\/\/www.wim.tv\/pt-pt\/wp-json\/wp\/v2\/pages\/2025\/revisions\/8043"}],"wp:attachment":[{"href":"https:\/\/www.wim.tv\/pt-pt\/wp-json\/wp\/v2\/media?parent=2025"}],"curies":[{"name":"wp","href":"https:\/\/api.w.org\/{rel}","templated":true}]}}