{"id":3,"date":"2020-11-04T09:39:44","date_gmt":"2020-11-04T08:39:44","guid":{"rendered":"https:\/\/peer.wim.tv\/?page_id=3"},"modified":"2023-04-03T18:02:21","modified_gmt":"2023-04-03T16:02:21","slug":"privacy-cookie-policy","status":"publish","type":"page","link":"https:\/\/www.wim.tv\/it\/privacy-cookie-policy\/","title":{"rendered":"Privacy e Cookie Policy"},"content":{"rendered":"<h1><strong>Privacy e Cookie Policy<\/strong><\/h1>\n<p>La presente policy descrive le procedure seguite da <strong>CEDEO Srl<\/strong> (di seguito \u201cCEDEO\u201d o il \u201cTitolare\u201d) in relazione al trattamento dei dati personali raccolti attraverso il sito www.wim.tv (di seguito il \u201cSito\u201d). Laddove non diversamente specificato, la presente policy vale anche quale informativa \u2013 ai sensi dell\u2019art. 13 del d.lgs. n. 196\/2003 (di seguito il \u201cCodice\u201d) e dell\u2019art. 13 del Regolamento (UE) n. 2016\/679 (di seguito il \u201cGDPR\u201d) \u2013 resa a coloro che interagiscono con il Sito (di seguito l\u2019\u201cUtente\u201d). Informative sul trattamento dei dati personali dettagliate sono riportate, ove necessario, nelle pagine relative ai singoli servizi offerti attraverso il Sito. Tali informative sono dirette a definire limiti e modalit\u00e0 del trattamento dei dati personali di ciascun servizio, in base alle quali l\u2019utente potr\u00e0 esprimere liberamente il proprio consenso, ove necessario, e autorizzare eventualmente la raccolta dei dati e il loro successivo trattamento.<\/p>\n<h4>Titolare del trattamento. Responsabili del trattamento.<\/h4>\n<p>Il Titolare del trattamento \u00e8 CEDEO Srl, con sede legale in Via Borgionera , 103 I-10040Villar Dora (TO), tel. 3381059702, e-mail info@wimlabs.com. L\u2019elenco aggiornato degli eventuali responsabili del trattamento \u00e8 disponibile presso la sede del Titolare.<\/p>\n<h4>Responsabile della protezione dei dati.<\/h4>\n<p>Il responsabile della protezione dei dati, designato dal Titolare, pu\u00f2 essere contattato tramite:<\/p>\n<ul>\n<li>posta ordinaria, all\u2019indirizzo: <strong>CEDEO Srl,<\/strong> Via Borgionera , 103 I-10040Villar Dora (TO), c.a. del Responsabile della Protezione dei Dati;<\/li>\n<li>telefono, al numero 3381059702;<\/li>\n<li>e-mail, all\u2019indirizzo info@wimlabs.com<\/li>\n<\/ul>\n<h4>Tipologie di dati trattati<\/h4>\n<p>Attraverso il Sito potranno essere raccolti e trattati:<\/p>\n<ul>\n<li>dati di navigazione;<\/li>\n<li>dati personali forniti volontariamente dall\u2019utente nei form presenti all\u2019interno del Sito.<\/li>\n<\/ul>\n<h4>Cookie<\/h4>\n<p>I cookie sono piccoli file di testo che i siti visitati inviano al terminale dell&#8217;utente, dove vengono memorizzati, per poi essere ritrasmessi agli stessi siti alla visita successiva. Il Sito utilizza cookie tecnici, sia propri che di terze parti. Tali cookie, essendo di natura tecnica, non richiedono il preventivo consenso dell\u2019Utente per essere installati ed utilizzati. In particolare, i cookie utilizzati nel Sito sono riconducibili alle seguenti sottocategorie:<\/p>\n<ul>\n<li>cookie di navigazione o di sessione, che garantiscono la normale navigazione e fruizione dei Siti Web. Non essendo memorizzati sul computer dell\u2019utente, svaniscono con la chiusura del browser;<\/li>\n<li>cookie analitici, con cui sono raccolte e analizzate informazioni statistiche sul numero degli utenti e sulle visite ai Siti Web;<\/li>\n<li>social widgets e plugin: alcuni widgets e plugin messi a disposizione dai social network possono utilizzare propri cookies per facilitare l\u2019interazione con il sito di riferimento.<\/li>\n<\/ul>\n<p>Di seguito sono elencati i cookie di terze parti installati sul Sito. Per ciascuno di essi \u00e8 riportato il link alla relativa informativa sul trattamento dei dati personali effettuato e sulle modalit\u00e0 per l\u2019eventuale disattivazione dei cookie utilizzati. In merito ai cookie di terze parti, il Titolare ha unicamente l&#8217;obbligo di inserire nella presente policy il link al sito della terza parte. \u00c8 a carico di tale soggetto, invece, l&#8217;obbligo dell&#8217;informativa e dell&#8217;indicazione delle modalit\u00e0 per l&#8217;eventuale consenso e\/o disattivazione dei cookie.<\/p>\n<table style=\"min-width: 300px;\" cellspacing=\"0\" cellpadding=\"7\">\n<thead>\n<tr>\n<td><strong>Tipo di cookie<\/strong><\/td>\n<td><strong>Durata<\/strong><\/td>\n<td><strong>Funzione<\/strong><\/td>\n<td><strong>Provider<\/strong><\/td>\n<\/tr>\n<\/thead>\n<tbody>\n<tr>\n<td>_ga<\/td>\n<td>2 anni<\/td>\n<td>Usato per determinare e distinguere gli utenti.<\/td>\n<td><a href=\"https:\/\/developers.google.com\/analytics\/devguides\/collection\/analyticsjs\/cookie-usage\">Google Analytics<\/a><\/td>\n<\/tr>\n<tr>\n<td>_gat<\/td>\n<td>1 giorno<\/td>\n<td>Utilizzato da Google Analytics per limitare la frequenza delle richieste.<\/td>\n<td><a href=\"https:\/\/developers.google.com\/analytics\/devguides\/collection\/analyticsjs\/cookie-usage\">Google Analytics<\/a><\/td>\n<\/tr>\n<tr>\n<td>_gid<\/td>\n<td>1 giorno<\/td>\n<td>Usato per determinare e distinguere gli utenti.<\/td>\n<td><a href=\"https:\/\/developers.google.com\/analytics\/devguides\/collection\/analyticsjs\/cookie-usage\">Google Analytics<\/a><\/td>\n<\/tr>\n<tr>\n<td>_fbp<\/td>\n<td>3 mesi<\/td>\n<td>Usato da Facebook al fine di fornire prodotti pubblicitari come offerte in tempo reale.<\/td>\n<td><a href=\"https:\/\/www.facebook.com\/policies\/cookies\/\">Facebook<\/a><\/td>\n<\/tr>\n<tr>\n<td>__tawkuuid<\/td>\n<td>6 mesi<\/td>\n<td>Questo cookie ti ricorda in modo che possiamo collegare le conversazioni in chat per fornire un servizio migliore.<\/td>\n<td><a href=\"https:\/\/www.tawk.to\/privacy-policy\/\">Tawk<\/a><\/td>\n<\/tr>\n<tr>\n<td>TawkConnectionTime<\/td>\n<td>Sessione<\/td>\n<td>Questo cookie ti ricorda in modo che possiamo collegare le conversazioni in chat per fornire un servizio migliore.<\/td>\n<td><a href=\"https:\/\/www.tawk.to\/privacy-policy\/\">Tawk<\/a><\/td>\n<\/tr>\n<tr>\n<td>cookie_notice_accepted<\/td>\n<td>1 mese<\/td>\n<td>Cookie utilizzato per memorizzare la preferenza scelta dal visitatore relativa ai cookie.<\/td>\n<td>Wim.tv<\/td>\n<\/tr>\n<tr>\n<td>rc::a<\/td>\n<td>persistent<\/td>\n<td>Questo cookie \u00e8 usato per distinguere tra umani e robot. Questo \u00e8 utile per il sito web, al fine di rendere validi rapporti sull&#8217;uso del sito.<\/td>\n<td>Google<\/td>\n<\/tr>\n<tr>\n<td>rc::c<\/td>\n<td>Session<\/td>\n<td>Questo cookie \u00e8 usato per distinguere tra umani e robot.<\/td>\n<td>Google<\/td>\n<\/tr>\n<tr>\n<td>NID<\/td>\n<td>6 mesi<\/td>\n<td>Registra un ID univoco che identifica il dispositivo dell&#8217;utente che ritorna sul sito<\/td>\n<td>Google<\/td>\n<\/tr>\n<tr>\n<td>_icl_visitor_lang_js<\/td>\n<td>1 giorno<\/td>\n<td>Salva la lingua preferita dell&#8217;utente sul sito internet.<\/td>\n<td>Wimtv<\/td>\n<\/tr>\n<tr>\n<td>wpml_browser_redirect_test<\/td>\n<td>Session<\/td>\n<td>Salva la lingua preferita dell&#8217;utente sul sito internet.<\/td>\n<td>Wimtv<\/td>\n<\/tr>\n<tr>\n<td>aiovg_rand_seed<\/td>\n<td>1 giorno<\/td>\n<td>Raccoglie informazioni in merito a quali video il visitatore ha visualizzato e altri dati sulle preferenze. Serve a proporre al visitatore video rilevanti.<\/td>\n<td>Wimtv<\/td>\n<\/tr>\n<tr>\n<td>flowplayerTestStorage<\/td>\n<td>persistent<\/td>\n<td>Questo cookie viene utilizzato per salvare informazioni sullo stato Flowplayer del visitatore, che determina se il visitatore pu\u00f2 accedere a contenuti multimediali sul sito.<\/td>\n<td>Wimtv<\/td>\n<\/tr>\n<tr>\n<td>ss<\/td>\n<td>session<\/td>\n<td>Necessario per la corretta funzionalit\u00e0 della chat-box del sito web.<\/td>\n<td>Tawk.to<\/td>\n<\/tr>\n<tr>\n<td>_at.hist.#<\/td>\n<td>persistent<\/td>\n<td>Utilizzato dalla piattaforma di social sharing AddThis per memorizzare la cronologia degli utenti<\/td>\n<td>AddThis<\/td>\n<\/tr>\n<tr>\n<td>TawkConnectionTime<\/td>\n<td>session<\/td>\n<td>Consente al sito web di riconoscere il visitatore al fine di ottimizzare la funzionalit\u00e0 della chat-box.<\/td>\n<td>Tawk.to<\/td>\n<\/tr>\n<tr>\n<td>loc<\/td>\n<td>13 mesi<\/td>\n<td>Geolocalizzazione, che \u00e8 utilizzata per aiutare i provider a determinare la posizione geografica<\/td>\n<td>Oracle<\/td>\n<\/tr>\n<tr>\n<td>loc<\/td>\n<td>13 mesi<\/td>\n<td>Geolocalizzazione, che \u00e8 utilizzata per aiutare i provider a determinare la posizione geografica<\/td>\n<td>Oracle<\/td>\n<\/tr>\n<tr>\n<td>uvc<\/td>\n<td>13 mesi<\/td>\n<td>Rileva quanto spesso il servizio di condivisione sociale AddThis si relaziona con lo stesso utente.<\/td>\n<td>Oracle<\/td>\n<\/tr>\n<tr>\n<td>xtc<\/td>\n<td>13 mesi<\/td>\n<td>Registra la condivisione di contenuti da parte dell&#8217;utente tramite social media.<\/td>\n<td>Oracle<\/td>\n<\/tr>\n<tr>\n<td>tr<\/td>\n<td>Session<\/td>\n<td>Utilizzato da Facebook per fornire una serie di prodotti pubblicitari come offerte in tempo reale da inserzionisti terzi.<\/td>\n<td>Facebook<\/td>\n<\/tr>\n<tr>\n<td>_fbp<\/td>\n<td>3 mesi<\/td>\n<td>Utilizzato da Facebook per fornire una serie di prodotti pubblicitari come offerte in tempo reale da inserzionisti terzi.<\/td>\n<td>Facebook<\/td>\n<\/tr>\n<\/tbody>\n<\/table>\n<p>I cookie possono essere disabilitati dall\u2019utente modificando le impostazioni del browser sulla base delle istruzioni rese disponibili dai relativi fornitori ai link elencati di seguito.<\/p>\n<ul>\n<li>Microsoft Internet Explorer: <a href=\"https:\/\/support.microsoft.com\/it-it\/help\/278835\/how-to-delete-cookie-files-in-internet-explorer\" target=\"_blank\" rel=\"noopener\">https:\/\/support.microsoft.com\/it-it\/help\/278835\/how-to-delete-cookie-files-in-internet-explorer<\/a><\/li>\n<li>Microsoft Edge: <a href=\"https:\/\/support.microsoft.com\/en-us\/help\/4027947\/windows-delete-cookies\" target=\"_blank\" rel=\"noopener\">https:\/\/support.microsoft.com\/en-us\/help\/4027947\/windows-delete-cookies<\/a><\/li>\n<li>Mozilla Firefox: <a href=\"https:\/\/support.mozilla.org\/it\/kb\/Attivare%20e%20disattivare%20i%20cookie\" target=\"_blank\" rel=\"noopener\">https:\/\/support.mozilla.org\/it\/kb\/Attivare%20e%20disattivare%20i%20cookie<\/a><\/li>\n<li>Google Chrome: <a href=\"https:\/\/support.google.com\/chrome\/answer\/95647?co=GENIE.Platform%3DDesktop&amp;hl=it\" target=\"_blank\" rel=\"noopener\">https:\/\/support.google.com\/chrome\/answer\/95647?co=GENIE.Platform%3DDesktop&amp;hl=it<\/a><\/li>\n<li>Apple Safari: <a href=\"https:\/\/support.apple.com\/kb\/ph21411?locale=it_IT\" target=\"_blank\" rel=\"noopener\">https:\/\/support.apple.com\/kb\/ph21411?locale=it_IT<\/a><\/li>\n<li>Opera: <a href=\"http:\/\/help.opera.com\/Windows\/10.00\/it\/cookies.html\" target=\"_blank\" rel=\"noopener\">http:\/\/help.opera.com\/Windows\/10.00\/it\/cookies.html<\/a><\/li>\n<\/ul>\n<h4>Finalit\u00e0 e base giuridica del trattamento<\/h4>\n<p>I dati personali raccolti attraverso il Sito saranno trattati per la gestione delle richieste di informazioni o di documenti inoltrate dall\u2019Utente. Il trattamento dei dati personali per la finalit\u00e0 di cui sopra non richiede il consenso dell\u2019Utente in quanto il trattamento \u00e8 necessario per adempiere a specifiche richieste dell&#8217;interessato ai sensi dell\u2019art. 24, c. 1, lett. b) del Codice e dell\u2019art. 6, c. 1, lett. b) del GDPR.<\/p>\n<h4>Conferimento dei dati e conseguenze in caso di mancato conferimento.<\/h4>\n<p>Il conferimento dei dati personali per la finalit\u00e0 di cui sopra \u00e8 facoltativo e il loro mancato conferimento comporter\u00e0, come unica conseguenza, l\u2019impossibilit\u00e0 per il Titolare di gestire ed evadere le richieste dell\u2019interessato.<\/p>\n<h4>Modalit\u00e0 del trattamento<\/h4>\n<p>I dati personali saranno trattati con strumenti elettronici, anche mediante inserimento e organizzazione in banche dati, in conformit\u00e0 a quanto disposto dal Codice e dal GDPR in materia di misure di sicurezza.<\/p>\n<h4>Destinatari o categorie di destinatari<\/h4>\n<p>I dati personali potranno essere resi accessibili, portati a conoscenza di o comunicati ai seguenti soggetti, i quali saranno nominati da, a seconda dei casi, quali responsabili o incaricati:<\/p>\n<ul>\n<li>societ\u00e0 del gruppo di cui fa parte il Titolare (controllanti, controllate, collegate), dipendenti e\/o collaboratori a qualsivoglia titolo del Titolare e\/o di societ\u00e0 del gruppo di cui fa parte il Titolare;<\/li>\n<li>oggetti pubblici o privati, persone fisiche o giuridiche, di cui il Titolare si avvalga per lo svolgimento delle attivit\u00e0 strumentali al raggiungimento della finalit\u00e0 di cui sopra o a cui il Titolare sia tenuto a comunicare i dati personali, in forza di obblighi legali o contrattuali.<\/li>\n<\/ul>\n<p>In ogni caso, i dati personali non saranno diffusi.<\/p>\n<h4>Periodo di conservazione<\/h4>\n<p>I dati personali saranno conservati per 2 anni dalla loro registrazione.<\/p>\n<h4>Diritti di accesso, cancellazione, limitazione e portabilit\u00e0<\/h4>\n<p>Agli interessati sono riconosciuti i diritti di cui agli artt. 7 del Codice e da 15 a 20 del GDPR. A titolo esemplificativo, ciascun interessato potr\u00e0:<\/p>\n<ul>\n<li>ottenere la conferma che sia o meno in corso un trattamento di dati personali che lo riguardano;<\/li>\n<li>qualora un trattamento sia in corso, ottenere l\u2019accesso ai dati personali e alle informazioni relative al trattamento nonch\u00e9 richiedere una copia dei dati personali;<\/li>\n<li>ottenere la rettifica dei dati personali inesatti e l\u2019integrazione dei dati personali incompleti;<\/li>\n<li>ottenere, qualora sussista una delle condizioni previste dall\u2019art. 17 del GDPR, la cancellazione dei dati personali che lo riguardano;<\/li>\n<li>ottenere, nei casi previsti dall\u2019art. 18 del GDPR, la limitazione del trattamento;<\/li>\n<li>ricevere i dati personali che lo riguardano in un formato strutturato, di uso comune e leggibile da dispositivo automatico e richiedere la loro trasmissione ad un altro titolare, se tecnicamente fattibile.<\/li>\n<\/ul>\n<h4>Diritto di opposizione<\/h4>\n<p>Ciascun interessato ha il diritto di opporsi in qualsiasi momento al trattamento dei suoi dati personali effettuato per il perseguimento di un legittimo interesse del Titolare. In caso di opposizione, i suoi dati personali non saranno pi\u00f9 oggetto di trattamento, sempre che non sussistano motivi legittimi per procedere al trattamento che prevalgono sugli interessi, sui diritti e sulle libert\u00e0 dell\u2019interessato oppure per l\u2019accertamento, l\u2019esercizio o la difesa di un diritto in sede giudiziaria.<\/p>\n<h4>Diritto di proporre reclamo al Garante<\/h4>\n<p>Inoltre ciascun interessato potr\u00e0 proporre reclamo al Garante per la Protezione dei Dati Personali nel caso in cui ritenga che siano stati violati i diritti di cui \u00e8 titolare ai sensi del Codice e del GDPR, secondo le modalit\u00e0 indicate sul sito internet del Garante accessibile all\u2019indirizzo: www.garanteprivacy.it.<\/p>\n<h4>Aggiornamenti<\/h4>\n<p>La presente Privacy Policy sar\u00e0 soggetta ad aggiornamenti. Il Titolare invita, pertanto, gli Utenti che intendano conoscere le modalit\u00e0 di trattamento dei dati personali raccolti attraverso i Siti Web a visitare periodicamente questa pagina.<\/p>\n","protected":false},"excerpt":{"rendered":"<p>Privacy e Cookie Policy La presente policy descrive le procedure seguite da CEDEO Srl (di seguito \u201cCEDEO\u201d o il \u201cTitolare\u201d) in relazione al trattamento dei dati personali raccolti attraverso il sito www.wim.tv (di seguito il \u201cSito\u201d). Laddove non diversamente specificato, la presente policy vale anche quale informativa \u2013 ai sensi dell\u2019art. 13 del d.lgs. n. [&hellip;]<\/p>\n","protected":false},"author":9,"featured_media":0,"parent":0,"menu_order":0,"comment_status":"closed","ping_status":"open","template":"","meta":{"_acf_changed":false,"inline_featured_image":false,"footnotes":""},"class_list":["post-3","page","type-page","status-publish","hentry"],"acf":[],"yoast_head":"<!-- This site is optimized with the Yoast SEO plugin v27.5 - https:\/\/yoast.com\/product\/yoast-seo-wordpress\/ -->\n<title>Privacy e Cookie Policy - WimTV<\/title>\n<meta name=\"robots\" content=\"noindex, nofollow\" \/>\n<meta property=\"og:locale\" content=\"it_IT\" \/>\n<meta property=\"og:type\" content=\"article\" \/>\n<meta property=\"og:title\" content=\"Privacy e Cookie Policy - WimTV\" \/>\n<meta property=\"og:description\" content=\"Privacy e Cookie Policy La presente policy descrive le procedure seguite da CEDEO Srl (di seguito \u201cCEDEO\u201d o il \u201cTitolare\u201d) in relazione al trattamento dei dati personali raccolti attraverso il sito www.wim.tv (di seguito il \u201cSito\u201d). Laddove non diversamente specificato, la presente policy vale anche quale informativa \u2013 ai sensi dell\u2019art. 13 del d.lgs. n. [&hellip;]\" \/>\n<meta property=\"og:url\" content=\"https:\/\/www.wim.tv\/privacy-e-cookie-policy\/\" \/>\n<meta property=\"og:site_name\" content=\"WimTV\" \/>\n<meta property=\"article:publisher\" content=\"https:\/\/www.facebook.com\/wim.tv\" \/>\n<meta property=\"article:modified_time\" content=\"2023-04-03T16:02:21+00:00\" \/>\n<meta property=\"og:image\" content=\"https:\/\/www.wim.tv\/wp-content\/uploads\/2020\/11\/Wimtv-logo.png\" \/>\n\t<meta property=\"og:image:width\" content=\"1508\" \/>\n\t<meta property=\"og:image:height\" content=\"1114\" \/>\n\t<meta property=\"og:image:type\" content=\"image\/png\" \/>\n<meta name=\"twitter:card\" content=\"summary_large_image\" \/>\n<meta name=\"twitter:label1\" content=\"Tempo di lettura stimato\" \/>\n\t<meta name=\"twitter:data1\" content=\"7 minuti\" \/>\n<script type=\"application\/ld+json\" class=\"yoast-schema-graph\">{\"@context\":\"https:\\\/\\\/schema.org\",\"@graph\":[{\"@type\":\"WebPage\",\"@id\":\"https:\\\/\\\/www.wim.tv\\\/it\\\/privacy-cookie-policy\\\/\",\"url\":\"https:\\\/\\\/www.wim.tv\\\/privacy-e-cookie-policy\\\/\",\"name\":\"Privacy e Cookie Policy - WimTV\",\"isPartOf\":{\"@id\":\"https:\\\/\\\/www.wim.tv\\\/it\\\/#website\"},\"datePublished\":\"2020-11-04T08:39:44+00:00\",\"dateModified\":\"2023-04-03T16:02:21+00:00\",\"breadcrumb\":{\"@id\":\"https:\\\/\\\/www.wim.tv\\\/privacy-e-cookie-policy\\\/#breadcrumb\"},\"inLanguage\":\"it-IT\",\"potentialAction\":[{\"@type\":\"ReadAction\",\"target\":[\"https:\\\/\\\/www.wim.tv\\\/privacy-e-cookie-policy\\\/\"]}]},{\"@type\":\"BreadcrumbList\",\"@id\":\"https:\\\/\\\/www.wim.tv\\\/privacy-e-cookie-policy\\\/#breadcrumb\",\"itemListElement\":[{\"@type\":\"ListItem\",\"position\":1,\"name\":\"Home\",\"item\":\"https:\\\/\\\/www.wim.tv\\\/it\\\/\"},{\"@type\":\"ListItem\",\"position\":2,\"name\":\"Privacy e Cookie Policy\"}]},{\"@type\":\"WebSite\",\"@id\":\"https:\\\/\\\/www.wim.tv\\\/it\\\/#website\",\"url\":\"https:\\\/\\\/www.wim.tv\\\/it\\\/\",\"name\":\"WimTV\",\"description\":\"Un nuovo sito targato WordPress\",\"potentialAction\":[{\"@type\":\"SearchAction\",\"target\":{\"@type\":\"EntryPoint\",\"urlTemplate\":\"https:\\\/\\\/www.wim.tv\\\/it\\\/?s={search_term_string}\"},\"query-input\":{\"@type\":\"PropertyValueSpecification\",\"valueRequired\":true,\"valueName\":\"search_term_string\"}}],\"inLanguage\":\"it-IT\"}]}<\/script>\n<!-- \/ Yoast SEO plugin. -->","yoast_head_json":{"title":"Privacy e Cookie Policy - WimTV","robots":{"index":"noindex","follow":"nofollow"},"og_locale":"it_IT","og_type":"article","og_title":"Privacy e Cookie Policy - WimTV","og_description":"Privacy e Cookie Policy La presente policy descrive le procedure seguite da CEDEO Srl (di seguito \u201cCEDEO\u201d o il \u201cTitolare\u201d) in relazione al trattamento dei dati personali raccolti attraverso il sito www.wim.tv (di seguito il \u201cSito\u201d). Laddove non diversamente specificato, la presente policy vale anche quale informativa \u2013 ai sensi dell\u2019art. 13 del d.lgs. n. [&hellip;]","og_url":"https:\/\/www.wim.tv\/privacy-e-cookie-policy\/","og_site_name":"WimTV","article_publisher":"https:\/\/www.facebook.com\/wim.tv","article_modified_time":"2023-04-03T16:02:21+00:00","og_image":[{"width":1508,"height":1114,"url":"https:\/\/www.wim.tv\/wp-content\/uploads\/2020\/11\/Wimtv-logo.png","type":"image\/png"}],"twitter_card":"summary_large_image","twitter_misc":{"Tempo di lettura stimato":"7 minuti"},"schema":{"@context":"https:\/\/schema.org","@graph":[{"@type":"WebPage","@id":"https:\/\/www.wim.tv\/it\/privacy-cookie-policy\/","url":"https:\/\/www.wim.tv\/privacy-e-cookie-policy\/","name":"Privacy e Cookie Policy - WimTV","isPartOf":{"@id":"https:\/\/www.wim.tv\/it\/#website"},"datePublished":"2020-11-04T08:39:44+00:00","dateModified":"2023-04-03T16:02:21+00:00","breadcrumb":{"@id":"https:\/\/www.wim.tv\/privacy-e-cookie-policy\/#breadcrumb"},"inLanguage":"it-IT","potentialAction":[{"@type":"ReadAction","target":["https:\/\/www.wim.tv\/privacy-e-cookie-policy\/"]}]},{"@type":"BreadcrumbList","@id":"https:\/\/www.wim.tv\/privacy-e-cookie-policy\/#breadcrumb","itemListElement":[{"@type":"ListItem","position":1,"name":"Home","item":"https:\/\/www.wim.tv\/it\/"},{"@type":"ListItem","position":2,"name":"Privacy e Cookie Policy"}]},{"@type":"WebSite","@id":"https:\/\/www.wim.tv\/it\/#website","url":"https:\/\/www.wim.tv\/it\/","name":"WimTV","description":"Un nuovo sito targato WordPress","potentialAction":[{"@type":"SearchAction","target":{"@type":"EntryPoint","urlTemplate":"https:\/\/www.wim.tv\/it\/?s={search_term_string}"},"query-input":{"@type":"PropertyValueSpecification","valueRequired":true,"valueName":"search_term_string"}}],"inLanguage":"it-IT"}]}},"_links":{"self":[{"href":"https:\/\/www.wim.tv\/it\/wp-json\/wp\/v2\/pages\/3","targetHints":{"allow":["GET"]}}],"collection":[{"href":"https:\/\/www.wim.tv\/it\/wp-json\/wp\/v2\/pages"}],"about":[{"href":"https:\/\/www.wim.tv\/it\/wp-json\/wp\/v2\/types\/page"}],"author":[{"embeddable":true,"href":"https:\/\/www.wim.tv\/it\/wp-json\/wp\/v2\/users\/9"}],"replies":[{"embeddable":true,"href":"https:\/\/www.wim.tv\/it\/wp-json\/wp\/v2\/comments?post=3"}],"version-history":[{"count":27,"href":"https:\/\/www.wim.tv\/it\/wp-json\/wp\/v2\/pages\/3\/revisions"}],"predecessor-version":[{"id":8031,"href":"https:\/\/www.wim.tv\/it\/wp-json\/wp\/v2\/pages\/3\/revisions\/8031"}],"wp:attachment":[{"href":"https:\/\/www.wim.tv\/it\/wp-json\/wp\/v2\/media?parent=3"}],"curies":[{"name":"wp","href":"https:\/\/api.w.org\/{rel}","templated":true}]}}