{"id":2021,"date":"2020-12-17T11:03:15","date_gmt":"2020-12-17T10:03:15","guid":{"rendered":"https:\/\/peer.wim.tv\/politica-de-privacidad-y-cookies\/"},"modified":"2023-04-03T18:28:33","modified_gmt":"2023-04-03T16:28:33","slug":"politica-de-privacidad-y-cookies","status":"publish","type":"page","link":"https:\/\/www.wim.tv\/es\/politica-de-privacidad-y-cookies\/","title":{"rendered":"Pol\u00ectica de Privacidad y Cookies"},"content":{"rendered":"<h1><strong>Pol\u00ectica de Privacidad y Cookies<\/strong><\/h1>\n<p>Esta pol\u00edtica describe los procedimientos seguidos por CEDEO Srl (en adelante, &#8216;CEDEO&#8217; o el &#8216;Titular del tratamiento de datos personales&#8217;) en relaci\u00f3n con el procesamiento de los datos personales recopilados a trav\u00e9s del sitio web www.wim.tv (en adelante, el &#8216;Sitio web&#8217;). A menos que se especifique lo contrario, esta pol\u00edtica tambi\u00e9n se aplica a la informaci\u00f3n, de conformidad con el art. 13 del decreto legislativo n. 196\/2003 (en adelante el &#8216;C\u00f3digo&#8217;) y art. 13 del Reglamento (UE) n. 2016\/679 (en adelante, el &#8216;GDPR&#8217;) &#8211; prestados a quienes interact\u00faan con el Sitio (en adelante, el &#8216;Usuario&#8217;). La informaci\u00f3n sobre el procesamiento de datos personales detallados se informa, cuando sea necesario, en las p\u00e1ginas relacionadas con los servicios individuales ofrecidos a trav\u00e9s del Sitio. Esta informaci\u00f3n tiene como objetivo definir los l\u00edmites y los m\u00e9todos de procesamiento de los datos personales de cada servicio, sobre la base de los cuales el usuario puede expresar libremente su consentimiento, si es necesario, y posiblemente autorizar la recopilaci\u00f3n de datos y su posterior procesamiento.<\/p>\n<h4>Titular de datos responsable del procesamiento de datos.<\/h4>\n<p>El Titular de datos es CEDEO Srl, con domicilio social en Via Borgionera, 103 I-10040 Villar Dora (TO), tel. 3381059702, correo electr\u00f3nico info@wimlabs.com. La lista actualizada de todos los controladores de datos est\u00e1 disponible en la sede del Titular de datos.<\/p>\n<h4>Responsable de la protecci\u00f3n de datos.<\/h4>\n<p>La persona a cargo de Protecci\u00f3n de Datos, designada por el Titular de Datos, puede ser contactada por:<\/p>\n<ul>\n<li>correo ordinario, en WimLabs Srl, Piazza Edmondo De Amicis 121 bis 10126 Tur\u00edn, en el Oficial de Protecci\u00f3n de Datos;<\/li>\n<li>n\u00famero de tel\u00e9fono 3381059702;<\/li>\n<li>correo electr\u00f3nico, en info@wimlabs.com<\/li>\n<\/ul>\n<h4>Tipos de datos procesados<\/h4>\n<p>A trav\u00e9s del sitio web, ser\u00e1 posible recopilar y procesar:<\/p>\n<ul>\n<li>datos de navegaci\u00f3n;<\/li>\n<li>datos personales proporcionados voluntariamente por el usuario en los formularios del sitio.<\/li>\n<\/ul>\n<h4>Cookies<\/h4>\n<p>Las cookies son peque\u00f1os archivos de texto que los sitios visitados env\u00edan al terminal del usuario, donde se almacenan y luego se transmiten a los mismos sitios en la pr\u00f3xima visita. El sitio web utiliza cookies t\u00e9cnicas, tanto del sitio web como de terceros. Estas cookies, que son de naturaleza t\u00e9cnica, no requieren el previo consentimiento del Usuario para ser instaladas y utilizadas. En particular, las cookies utilizadas en el Sitio son rastreables a las siguientes subcategor\u00edas:<\/p>\n<ul>\n<li>cookies de navegaci\u00f3n o sesi\u00f3n, que garantizan la navegaci\u00f3n y el uso normal del sitio web. Como no est\u00e1n almacenados en la computadora del usuario, desaparecen cuando el navegador est\u00e1 cerrado;<\/li>\n<li>cookies anal\u00edticas, que recopilan y analizan informaci\u00f3n estad\u00edstica sobre el n\u00famero de usuarios y visitas a los sitios web;<\/li>\n<li>widgets sociales y complementos: algunos widgets y complementos puestos a disposici\u00f3n por las redes sociales pueden usar sus propias cookies para facilitar la interacci\u00f3n con el sitio de referencia.<\/li>\n<\/ul>\n<p>A continuaci\u00f3n, se enumeran las cookies de terceros instaladas en el Sitio. Para cada uno de ellos se proporciona un enlace a la informaci\u00f3n relacionada sobre el procesamiento de datos personales y c\u00f3mo deshabilitar las cookies utilizadas. Con respecto a las cookies de terceros, el Titular de datos tiene la obligaci\u00f3n exclusiva de incluir en esta pol\u00edtica el enlace al sitio de terceros. Es la responsabilidad de este tema, sin embargo, divulgar e indicar los m\u00e9todos para el posible consentimiento y \/ o desactivaci\u00f3n de cookies.<\/p>\n<table style=\"min-width: 300px;\" cellspacing=\"0\" cellpadding=\"7\">\n<thead>\n<tr>\n<td><strong>Nombre de la cookie<\/strong><\/td>\n<td><strong>Expiraci\u00f3n<\/strong><\/td>\n<td><strong>Descripci\u00f3n<\/strong><\/td>\n<td><strong>Proveedor<\/strong><\/td>\n<\/tr>\n<\/thead>\n<tbody>\n<tr>\n<td>_ga<\/td>\n<td>2 a\u00f1os<\/td>\n<td>Se utiliza para determinar y distinguir usuarios.<\/td>\n<td><a href=\"https:\/\/developers.google.com\/analytics\/devguides\/collection\/analyticsjs\/cookie-usage\">Google Analytics<\/a><\/td>\n<\/tr>\n<tr>\n<td>_gat<\/td>\n<td>1 d\u00eda<\/td>\n<td>Utilizado por Google Analytics para limitar la frecuencia de solicitudes.<\/td>\n<td><a href=\"https:\/\/developers.google.com\/analytics\/devguides\/collection\/analyticsjs\/cookie-usage\">Google Analytics<\/a><\/td>\n<\/tr>\n<tr>\n<td>_gid<\/td>\n<td>1 d\u00eda<\/td>\n<td>Se utiliza para determinar y distinguir usuarios.<\/td>\n<td><a href=\"https:\/\/developers.google.com\/analytics\/devguides\/collection\/analyticsjs\/cookie-usage\">Google Analytics<\/a><\/td>\n<\/tr>\n<tr>\n<td>_fbp<\/td>\n<td>3 meses<\/td>\n<td>Utilizado por Facebook para entregar productos publicitarios como ofertas en tiempo real.<\/td>\n<td><a href=\"https:\/\/www.facebook.com\/policies\/cookies\/\">Facebook<\/a><\/td>\n<\/tr>\n<tr>\n<td>__tawkuuid<\/td>\n<td>6 meses<\/td>\n<td>Esta cookie le recuerda que podemos vincular conversaciones de chat para brindar un mejor servicio.<\/td>\n<td><a href=\"https:\/\/www.tawk.to\/privacy-policy\/\">Tawk<\/a><\/td>\n<\/tr>\n<tr>\n<td>TawkConnectionTime<\/td>\n<td>Sesi\u00f3n<\/td>\n<td>Esta cookie le recuerda que podemos vincular conversaciones de chat para brindar un mejor servicio.<\/td>\n<td><a href=\"https:\/\/www.tawk.to\/privacy-policy\/\">Tawk<\/a><\/td>\n<\/tr>\n<tr>\n<td>cookie_notice_accepted<\/td>\n<td>1 mes<\/td>\n<td>Cookie utilizada para almacenar la preferencia del visitante por las cookies.<\/td>\n<td>Wim.tv<\/td>\n<\/tr>\n<\/tbody>\n<\/table>\n<p>El usuario puede deshabilitar las cookies modificando la configuraci\u00f3n del navegador seg\u00fan las instrucciones proporcionadas por sus proveedores a los enlaces que se detallan a continuaci\u00f3n.<\/p>\n<ul>\n<li>Microsoft Internet Explorer: <a href=\"https:\/\/support.microsoft.com\/it-it\/help\/278835\/how-to-delete-cookie-files-in-internet-explorer\" target=\"_blank\" rel=\"noopener\">https:\/\/support.microsoft.com\/it-it\/help\/278835\/how-to-delete-cookie-files-in-internet-explorer<\/a><\/li>\n<li>Microsoft Edge: <a href=\"https:\/\/support.microsoft.com\/en-us\/help\/4027947\/windows-delete-cookies\" target=\"_blank\" rel=\"noopener\">https:\/\/support.microsoft.com\/en-us\/help\/4027947\/windows-delete-cookies<\/a><\/li>\n<li>Mozilla Firefox: <a href=\"https:\/\/support.mozilla.org\/it\/kb\/Attivare%20e%20disattivare%20i%20cookie\" target=\"_blank\" rel=\"noopener\">https:\/\/support.mozilla.org\/it\/kb\/Attivare%20e%20disattivare%20i%20cookie<\/a><\/li>\n<li>Google Chrome: <a href=\"https:\/\/support.google.com\/chrome\/answer\/95647?co=GENIE.Platform%3DDesktop&amp;hl=it\" target=\"_blank\" rel=\"noopener\">https:\/\/support.google.com\/chrome\/answer\/95647?co=GENIE.Platform%3DDesktop&amp;hl=it<\/a><\/li>\n<li>Apple Safari: <a href=\"https:\/\/support.apple.com\/kb\/ph21411?locale=it_IT\" target=\"_blank\" rel=\"noopener\">https:\/\/support.apple.com\/kb\/ph21411?locale=it_IT<\/a><\/li>\n<li>Opera: <a href=\"http:\/\/help.opera.com\/Windows\/10.00\/it\/cookies.html\" target=\"_blank\" rel=\"noopener\">http:\/\/help.opera.com\/Windows\/10.00\/it\/cookies.html<\/a><\/li>\n<\/ul>\n<h4>Prop\u00f3sito y base legal del procesamiento<\/h4>\n<p>Los datos personales recopilados a trav\u00e9s del sitio web ser\u00e1n procesados \u200b\u200bpara manejar solicitudes de informaci\u00f3n o documentos enviados por el usuario. El procesamiento de los datos personales para los fines antes mencionados no requiere el consentimiento del Usuario, ya que el procesamiento es necesario para satisfacer solicitudes espec\u00edficas del interesado de conformidad con el art. 24, c. 1, lett. b) del C\u00f3digo y del art. 6, c. 1, lett. b) del GDPR.<\/p>\n<h4>Suministro de datos y consecuencias en caso de falta de suministro.<\/h4>\n<p>La provisi\u00f3n de datos personales para el prop\u00f3sito antes mencionado es opcional y su falta de provisi\u00f3n dar\u00e1 como resultado, como \u00fanica consecuencia, la incapacidad del Propietario para gestionar y satisfacer las solicitudes de la persona interesada.<\/p>\n<h4>M\u00e9todo de tratamiento<\/h4>\n<p>Los datos personales se procesar\u00e1n electr\u00f3nicamente, tambi\u00e9n a trav\u00e9s de la inserci\u00f3n y organizaci\u00f3n en bases de datos, de conformidad con las disposiciones del C\u00f3digo y el GDPR en medidas de seguridad.<\/p>\n<h4>Destinatarios o categor\u00edas de destinatarios<\/h4>\n<p>Los datos personales pueden ser accesibles, ponerse en conocimiento o comunicarse a las siguientes personas, que ser\u00e1n designadas por, seg\u00fan sea el caso, los responsables o personas a cargo:<\/p>\n<ul>\n<li>empresas del grupo del que el Controlador de datos es miembro (que controla, controla, conecta), empleados y \/ o colaboradores para cualquier t\u00edtulo del propietario y \/ o empresa del grupo al que pertenece el titular;<\/li>\n<li>entidades p\u00fablicas o privadas, personas f\u00edsicas o jur\u00eddicas, cuyo propietario se utiliza para la realizaci\u00f3n de actividades instrumentales para lograr el objetivo antes mencionado o al que el Controlador de datos datos est\u00e1 obligado a comunicar datos personales, de conformidad con obligaciones legales o contractuales.<\/li>\n<\/ul>\n<p>En cualquier caso, los datos personales no ser\u00e1n revelados.<\/p>\n<h4>Periodo de retenci\u00f3n<\/h4>\n<p>Los datos personales se conservar\u00e1n durante 2 a\u00f1os desde su registro.<\/p>\n<h4>Derechos de acceso, cancelaci\u00f3n, limitaci\u00f3n y portabilidad<\/h4>\n<p>A los interesados \u200b\u200bse les otorgan los derechos a que se refieren los art\u00edculos 7 del C\u00f3digo y los art\u00edculos 15 a 20 de la GDPR. A modo de ejemplo, cada parte interesada puede:<\/p>\n<ul>\n<li>obtener la confirmaci\u00f3n del procesamiento de los datos personales relativos a la parte interesada;<\/li>\n<li>si el procesamiento est\u00e1 en curso, obtenga acceso a datos personales e informaci\u00f3n sobre el tratamiento y solicite una copia de los datos personales;<\/li>\n<li>obtener la correcci\u00f3n de datos personales inexactos y la integraci\u00f3n de datos personales incompletos;<\/li>\n<li>obtener, si una de las condiciones previstas por el art. 17 del GDPR, la cancelaci\u00f3n de datos personales relativos a la parte interesada;<\/li>\n<li>obtener, en los casos previstos en el art. 18 del GDPR, la limitaci\u00f3n del tratamiento;<\/li>\n<li>recibir datos personales sobre \u00e9l en un formato estructurado, com\u00fanmente utilizado y legible por dispositivo autom\u00e1tico y solicitar su transmisi\u00f3n a otro titular, si es t\u00e9cnicamente posible.<\/li>\n<\/ul>\n<h4>Derecho de oposici\u00f3n<\/h4>\n<p>Cada parte interesada tiene derecho a oponerse en cualquier momento al procesamiento de sus datos personales llevados a cabo para la b\u00fasqueda de un inter\u00e9s leg\u00edtimo del Titular de Datos. En caso de oposici\u00f3n, sus datos personales ya no ser\u00e1n procesados, siempre que no haya razones leg\u00edtimas para proceder con el procesamiento que prevalece sobre los intereses, derechos y libertades del interesado o para la evaluaci\u00f3n, el ejercicio o la defensa de un justo en la corte.<\/p>\n<h4>Derecho a proponer un reclamo a la Autoridad<\/h4>\n<p>Adem\u00e1s, cada parte interesada puede presentar una queja ante la Autoridad de Protecci\u00f3n de Datos Personales en el caso de que considere que se han violado sus derechos bajo el C\u00f3digo y el GDPR, de acuerdo con los procedimientos indicados en el sitio web de la Autoridad accesible en: www.garanteprivacy.it.<\/p>\n<h4>Actualizaciones<\/h4>\n<p>Esta pol\u00edtica de privacidad estar\u00e1 sujeta a actualizaciones. Por lo tanto, el controlador de datos invita a los usuarios que desean saber c\u00f3mo se procesan sus datos personales recopilados a trav\u00e9s de los sitios web para visitar peri\u00f3dicamente esta p\u00e1gina.<\/p>\n","protected":false},"excerpt":{"rendered":"<p>Pol\u00ectica de Privacidad y Cookies Esta pol\u00edtica describe los procedimientos seguidos por CEDEO Srl (en adelante, &#8216;CEDEO&#8217; o el &#8216;Titular del tratamiento de datos personales&#8217;) en relaci\u00f3n con el procesamiento de los datos personales recopilados a trav\u00e9s del sitio web www.wim.tv (en adelante, el &#8216;Sitio web&#8217;). A menos que se especifique lo contrario, esta pol\u00edtica [&hellip;]<\/p>\n","protected":false},"author":9,"featured_media":0,"parent":0,"menu_order":0,"comment_status":"closed","ping_status":"open","template":"","meta":{"_acf_changed":false,"inline_featured_image":false,"footnotes":""},"class_list":["post-2021","page","type-page","status-publish","hentry"],"acf":[],"yoast_head":"<!-- This site is optimized with the Yoast SEO plugin v27.5 - https:\/\/yoast.com\/product\/yoast-seo-wordpress\/ -->\n<title>Pol\u00ectica de Privacidad y Cookies - WimTV<\/title>\n<meta name=\"robots\" content=\"noindex, nofollow\" \/>\n<meta property=\"og:locale\" content=\"es_ES\" \/>\n<meta property=\"og:type\" content=\"article\" \/>\n<meta property=\"og:title\" content=\"Pol\u00ectica de Privacidad y Cookies - WimTV\" \/>\n<meta property=\"og:description\" content=\"Pol\u00ectica de Privacidad y Cookies Esta pol\u00edtica describe los procedimientos seguidos por CEDEO Srl (en adelante, &#8216;CEDEO&#8217; o el &#8216;Titular del tratamiento de datos personales&#8217;) en relaci\u00f3n con el procesamiento de los datos personales recopilados a trav\u00e9s del sitio web www.wim.tv (en adelante, el &#8216;Sitio web&#8217;). A menos que se especifique lo contrario, esta pol\u00edtica [&hellip;]\" \/>\n<meta property=\"og:url\" content=\"https:\/\/www.wim.tv\/es\/politica-de-privacidad-y-cookies\/\" \/>\n<meta property=\"og:site_name\" content=\"WimTV\" \/>\n<meta property=\"article:publisher\" content=\"https:\/\/www.facebook.com\/wim.tv\" \/>\n<meta property=\"article:modified_time\" content=\"2023-04-03T16:28:33+00:00\" \/>\n<meta property=\"og:image\" content=\"https:\/\/www.wim.tv\/wp-content\/uploads\/2020\/11\/Wimtv-logo.png\" \/>\n\t<meta property=\"og:image:width\" content=\"1508\" \/>\n\t<meta property=\"og:image:height\" content=\"1114\" \/>\n\t<meta property=\"og:image:type\" content=\"image\/png\" \/>\n<meta name=\"twitter:card\" content=\"summary_large_image\" \/>\n<meta name=\"twitter:label1\" content=\"Tiempo de lectura\" \/>\n\t<meta name=\"twitter:data1\" content=\"7 minutos\" \/>\n<script type=\"application\/ld+json\" class=\"yoast-schema-graph\">{\"@context\":\"https:\\\/\\\/schema.org\",\"@graph\":[{\"@type\":\"WebPage\",\"@id\":\"https:\\\/\\\/www.wim.tv\\\/es\\\/politica-de-privacidad-y-cookies\\\/\",\"url\":\"https:\\\/\\\/www.wim.tv\\\/es\\\/politica-de-privacidad-y-cookies\\\/\",\"name\":\"Pol\u00ectica de Privacidad y Cookies - WimTV\",\"isPartOf\":{\"@id\":\"https:\\\/\\\/www.wim.tv\\\/es\\\/#website\"},\"datePublished\":\"2020-12-17T10:03:15+00:00\",\"dateModified\":\"2023-04-03T16:28:33+00:00\",\"breadcrumb\":{\"@id\":\"https:\\\/\\\/www.wim.tv\\\/es\\\/politica-de-privacidad-y-cookies\\\/#breadcrumb\"},\"inLanguage\":\"es\",\"potentialAction\":[{\"@type\":\"ReadAction\",\"target\":[\"https:\\\/\\\/www.wim.tv\\\/es\\\/politica-de-privacidad-y-cookies\\\/\"]}]},{\"@type\":\"BreadcrumbList\",\"@id\":\"https:\\\/\\\/www.wim.tv\\\/es\\\/politica-de-privacidad-y-cookies\\\/#breadcrumb\",\"itemListElement\":[{\"@type\":\"ListItem\",\"position\":1,\"name\":\"Home\",\"item\":\"https:\\\/\\\/www.wim.tv\\\/es\\\/\"},{\"@type\":\"ListItem\",\"position\":2,\"name\":\"Pol\u00ectica de Privacidad y Cookies\"}]},{\"@type\":\"WebSite\",\"@id\":\"https:\\\/\\\/www.wim.tv\\\/es\\\/#website\",\"url\":\"https:\\\/\\\/www.wim.tv\\\/es\\\/\",\"name\":\"WimTV\",\"description\":\"Un nuovo sito targato WordPress\",\"potentialAction\":[{\"@type\":\"SearchAction\",\"target\":{\"@type\":\"EntryPoint\",\"urlTemplate\":\"https:\\\/\\\/www.wim.tv\\\/es\\\/?s={search_term_string}\"},\"query-input\":{\"@type\":\"PropertyValueSpecification\",\"valueRequired\":true,\"valueName\":\"search_term_string\"}}],\"inLanguage\":\"es\"}]}<\/script>\n<!-- \/ Yoast SEO plugin. -->","yoast_head_json":{"title":"Pol\u00ectica de Privacidad y Cookies - WimTV","robots":{"index":"noindex","follow":"nofollow"},"og_locale":"es_ES","og_type":"article","og_title":"Pol\u00ectica de Privacidad y Cookies - WimTV","og_description":"Pol\u00ectica de Privacidad y Cookies Esta pol\u00edtica describe los procedimientos seguidos por CEDEO Srl (en adelante, &#8216;CEDEO&#8217; o el &#8216;Titular del tratamiento de datos personales&#8217;) en relaci\u00f3n con el procesamiento de los datos personales recopilados a trav\u00e9s del sitio web www.wim.tv (en adelante, el &#8216;Sitio web&#8217;). A menos que se especifique lo contrario, esta pol\u00edtica [&hellip;]","og_url":"https:\/\/www.wim.tv\/es\/politica-de-privacidad-y-cookies\/","og_site_name":"WimTV","article_publisher":"https:\/\/www.facebook.com\/wim.tv","article_modified_time":"2023-04-03T16:28:33+00:00","og_image":[{"width":1508,"height":1114,"url":"https:\/\/www.wim.tv\/wp-content\/uploads\/2020\/11\/Wimtv-logo.png","type":"image\/png"}],"twitter_card":"summary_large_image","twitter_misc":{"Tiempo de lectura":"7 minutos"},"schema":{"@context":"https:\/\/schema.org","@graph":[{"@type":"WebPage","@id":"https:\/\/www.wim.tv\/es\/politica-de-privacidad-y-cookies\/","url":"https:\/\/www.wim.tv\/es\/politica-de-privacidad-y-cookies\/","name":"Pol\u00ectica de Privacidad y Cookies - WimTV","isPartOf":{"@id":"https:\/\/www.wim.tv\/es\/#website"},"datePublished":"2020-12-17T10:03:15+00:00","dateModified":"2023-04-03T16:28:33+00:00","breadcrumb":{"@id":"https:\/\/www.wim.tv\/es\/politica-de-privacidad-y-cookies\/#breadcrumb"},"inLanguage":"es","potentialAction":[{"@type":"ReadAction","target":["https:\/\/www.wim.tv\/es\/politica-de-privacidad-y-cookies\/"]}]},{"@type":"BreadcrumbList","@id":"https:\/\/www.wim.tv\/es\/politica-de-privacidad-y-cookies\/#breadcrumb","itemListElement":[{"@type":"ListItem","position":1,"name":"Home","item":"https:\/\/www.wim.tv\/es\/"},{"@type":"ListItem","position":2,"name":"Pol\u00ectica de Privacidad y Cookies"}]},{"@type":"WebSite","@id":"https:\/\/www.wim.tv\/es\/#website","url":"https:\/\/www.wim.tv\/es\/","name":"WimTV","description":"Un nuovo sito targato WordPress","potentialAction":[{"@type":"SearchAction","target":{"@type":"EntryPoint","urlTemplate":"https:\/\/www.wim.tv\/es\/?s={search_term_string}"},"query-input":{"@type":"PropertyValueSpecification","valueRequired":true,"valueName":"search_term_string"}}],"inLanguage":"es"}]}},"_links":{"self":[{"href":"https:\/\/www.wim.tv\/es\/wp-json\/wp\/v2\/pages\/2021","targetHints":{"allow":["GET"]}}],"collection":[{"href":"https:\/\/www.wim.tv\/es\/wp-json\/wp\/v2\/pages"}],"about":[{"href":"https:\/\/www.wim.tv\/es\/wp-json\/wp\/v2\/types\/page"}],"author":[{"embeddable":true,"href":"https:\/\/www.wim.tv\/es\/wp-json\/wp\/v2\/users\/9"}],"replies":[{"embeddable":true,"href":"https:\/\/www.wim.tv\/es\/wp-json\/wp\/v2\/comments?post=2021"}],"version-history":[{"count":10,"href":"https:\/\/www.wim.tv\/es\/wp-json\/wp\/v2\/pages\/2021\/revisions"}],"predecessor-version":[{"id":8044,"href":"https:\/\/www.wim.tv\/es\/wp-json\/wp\/v2\/pages\/2021\/revisions\/8044"}],"wp:attachment":[{"href":"https:\/\/www.wim.tv\/es\/wp-json\/wp\/v2\/media?parent=2021"}],"curies":[{"name":"wp","href":"https:\/\/api.w.org\/{rel}","templated":true}]}}